{"id":5763,"date":"2018-06-25T11:51:20","date_gmt":"2018-06-25T09:51:20","guid":{"rendered":"https:\/\/www.steinlin-products.ch\/product\/shopper-en-feutre-noir\/"},"modified":"2021-03-11T11:17:27","modified_gmt":"2021-03-11T10:17:27","slug":"shopper-en-feutre-noir","status":"publish","type":"product","link":"https:\/\/www.steinlin-products.ch\/fr\/produit\/shopper-en-feutre-noir\/","title":{"rendered":"Shopper en feutre noir"},"content":{"rendered":"","protected":false},"excerpt":{"rendered":"<p>50 (sol 40) x 31 x 12 cm, feutre polyester, cuir vrai, doublure et poches int\u00e9rieures, incl. bracelet en satin, accessoire bouquetin<\/p>\n","protected":false},"featured_media":5384,"comment_status":"closed","ping_status":"closed","template":"","meta":[],"product_cat":[191,193],"product_tag":[218,259,256],"yoast_head":"<!-- This site is optimized with the Yoast SEO plugin v20.6 - https:\/\/yoast.com\/wordpress\/plugins\/seo\/ -->\n<title>Shopper en feutre noir - Steinlin Products<\/title>\n<meta name=\"robots\" content=\"index, follow, max-snippet:-1, max-image-preview:large, max-video-preview:-1\" \/>\n<link rel=\"canonical\" href=\"https:\/\/www.steinlin-products.ch\/fr\/produit\/shopper-en-feutre-noir\/\" \/>\n<meta property=\"og:locale\" content=\"fr_FR\" \/>\n<meta property=\"og:type\" content=\"article\" \/>\n<meta property=\"og:title\" content=\"Shopper en feutre noir - Steinlin Products\" \/>\n<meta property=\"og:description\" content=\"50 (sol 40) x 31 x 12 cm, feutre polyester, cuir vrai, doublure et poches int\u00e9rieures, incl. bracelet en satin, accessoire bouquetin\" \/>\n<meta property=\"og:url\" content=\"https:\/\/www.steinlin-products.ch\/fr\/produit\/shopper-en-feutre-noir\/\" \/>\n<meta property=\"og:site_name\" content=\"Steinlin Products\" \/>\n<meta property=\"article:modified_time\" content=\"2021-03-11T10:17:27+00:00\" \/>\n<meta property=\"og:image\" content=\"https:\/\/www.steinlin-products.ch\/wp-content\/uploads\/2018\/06\/Shopper_Filz-schwarz.jpg\" \/>\n\t<meta property=\"og:image:width\" content=\"787\" \/>\n\t<meta property=\"og:image:height\" content=\"984\" \/>\n\t<meta property=\"og:image:type\" content=\"image\/jpeg\" \/>\n<meta name=\"twitter:card\" content=\"summary_large_image\" \/>\n<script type=\"application\/ld+json\" class=\"yoast-schema-graph\">{\"@context\":\"https:\/\/schema.org\",\"@graph\":[{\"@type\":\"WebPage\",\"@id\":\"https:\/\/www.steinlin-products.ch\/fr\/produit\/shopper-en-feutre-noir\/\",\"url\":\"https:\/\/www.steinlin-products.ch\/fr\/produit\/shopper-en-feutre-noir\/\",\"name\":\"Shopper en feutre noir - Steinlin Products\",\"isPartOf\":{\"@id\":\"https:\/\/www.steinlin-products.ch\/fr\/#website\"},\"datePublished\":\"2018-06-25T09:51:20+00:00\",\"dateModified\":\"2021-03-11T10:17:27+00:00\",\"breadcrumb\":{\"@id\":\"https:\/\/www.steinlin-products.ch\/fr\/produit\/shopper-en-feutre-noir\/#breadcrumb\"},\"inLanguage\":\"fr-FR\",\"potentialAction\":[{\"@type\":\"ReadAction\",\"target\":[\"https:\/\/www.steinlin-products.ch\/fr\/produit\/shopper-en-feutre-noir\/\"]}]},{\"@type\":\"BreadcrumbList\",\"@id\":\"https:\/\/www.steinlin-products.ch\/fr\/produit\/shopper-en-feutre-noir\/#breadcrumb\",\"itemListElement\":[{\"@type\":\"ListItem\",\"position\":1,\"name\":\"Startseite\",\"item\":\"https:\/\/www.steinlin-products.ch\/fr\/\"},{\"@type\":\"ListItem\",\"position\":2,\"name\":\"Boutique\",\"item\":\"https:\/\/www.steinlin-products.ch\/fr\/boutique\/\"},{\"@type\":\"ListItem\",\"position\":3,\"name\":\"Shopper en feutre noir\"}]},{\"@type\":\"WebSite\",\"@id\":\"https:\/\/www.steinlin-products.ch\/fr\/#website\",\"url\":\"https:\/\/www.steinlin-products.ch\/fr\/\",\"name\":\"Steinlin Products\",\"description\":\"Sch\u00f6noriginelles f\u00fcr K\u00fcche und Raum\",\"potentialAction\":[{\"@type\":\"SearchAction\",\"target\":{\"@type\":\"EntryPoint\",\"urlTemplate\":\"https:\/\/www.steinlin-products.ch\/fr\/?s={search_term_string}\"},\"query-input\":\"required name=search_term_string\"}],\"inLanguage\":\"fr-FR\"}]}<\/script>\n<!-- \/ Yoast SEO plugin. -->","yoast_head_json":{"title":"Shopper en feutre noir - Steinlin Products","robots":{"index":"index","follow":"follow","max-snippet":"max-snippet:-1","max-image-preview":"max-image-preview:large","max-video-preview":"max-video-preview:-1"},"canonical":"https:\/\/www.steinlin-products.ch\/fr\/produit\/shopper-en-feutre-noir\/","og_locale":"fr_FR","og_type":"article","og_title":"Shopper en feutre noir - Steinlin Products","og_description":"50 (sol 40) x 31 x 12 cm, feutre polyester, cuir vrai, doublure et poches int\u00e9rieures, incl. bracelet en satin, accessoire bouquetin","og_url":"https:\/\/www.steinlin-products.ch\/fr\/produit\/shopper-en-feutre-noir\/","og_site_name":"Steinlin Products","article_modified_time":"2021-03-11T10:17:27+00:00","og_image":[{"width":787,"height":984,"url":"https:\/\/www.steinlin-products.ch\/wp-content\/uploads\/2018\/06\/Shopper_Filz-schwarz.jpg","type":"image\/jpeg"}],"twitter_card":"summary_large_image","schema":{"@context":"https:\/\/schema.org","@graph":[{"@type":"WebPage","@id":"https:\/\/www.steinlin-products.ch\/fr\/produit\/shopper-en-feutre-noir\/","url":"https:\/\/www.steinlin-products.ch\/fr\/produit\/shopper-en-feutre-noir\/","name":"Shopper en feutre noir - Steinlin Products","isPartOf":{"@id":"https:\/\/www.steinlin-products.ch\/fr\/#website"},"datePublished":"2018-06-25T09:51:20+00:00","dateModified":"2021-03-11T10:17:27+00:00","breadcrumb":{"@id":"https:\/\/www.steinlin-products.ch\/fr\/produit\/shopper-en-feutre-noir\/#breadcrumb"},"inLanguage":"fr-FR","potentialAction":[{"@type":"ReadAction","target":["https:\/\/www.steinlin-products.ch\/fr\/produit\/shopper-en-feutre-noir\/"]}]},{"@type":"BreadcrumbList","@id":"https:\/\/www.steinlin-products.ch\/fr\/produit\/shopper-en-feutre-noir\/#breadcrumb","itemListElement":[{"@type":"ListItem","position":1,"name":"Startseite","item":"https:\/\/www.steinlin-products.ch\/fr\/"},{"@type":"ListItem","position":2,"name":"Boutique","item":"https:\/\/www.steinlin-products.ch\/fr\/boutique\/"},{"@type":"ListItem","position":3,"name":"Shopper en feutre noir"}]},{"@type":"WebSite","@id":"https:\/\/www.steinlin-products.ch\/fr\/#website","url":"https:\/\/www.steinlin-products.ch\/fr\/","name":"Steinlin Products","description":"Sch\u00f6noriginelles f\u00fcr K\u00fcche und Raum","potentialAction":[{"@type":"SearchAction","target":{"@type":"EntryPoint","urlTemplate":"https:\/\/www.steinlin-products.ch\/fr\/?s={search_term_string}"},"query-input":"required name=search_term_string"}],"inLanguage":"fr-FR"}]}},"_links":{"self":[{"href":"https:\/\/www.steinlin-products.ch\/fr\/wp-json\/wp\/v2\/product\/5763"}],"collection":[{"href":"https:\/\/www.steinlin-products.ch\/fr\/wp-json\/wp\/v2\/product"}],"about":[{"href":"https:\/\/www.steinlin-products.ch\/fr\/wp-json\/wp\/v2\/types\/product"}],"replies":[{"embeddable":true,"href":"https:\/\/www.steinlin-products.ch\/fr\/wp-json\/wp\/v2\/comments?post=5763"}],"wp:featuredmedia":[{"embeddable":true,"href":"https:\/\/www.steinlin-products.ch\/fr\/wp-json\/wp\/v2\/media\/5384"}],"wp:attachment":[{"href":"https:\/\/www.steinlin-products.ch\/fr\/wp-json\/wp\/v2\/media?parent=5763"}],"wp:term":[{"taxonomy":"product_cat","embeddable":true,"href":"https:\/\/www.steinlin-products.ch\/fr\/wp-json\/wp\/v2\/product_cat?post=5763"},{"taxonomy":"product_tag","embeddable":true,"href":"https:\/\/www.steinlin-products.ch\/fr\/wp-json\/wp\/v2\/product_tag?post=5763"}],"curies":[{"name":"wp","href":"https:\/\/api.w.org\/{rel}","templated":true}]}}