{"id":5775,"date":"2018-05-22T13:44:27","date_gmt":"2018-05-22T11:44:27","guid":{"rendered":"https:\/\/www.steinlin-products.ch\/product\/carte-de-voeux-derrieres-des-vaches\/"},"modified":"2021-03-12T08:34:39","modified_gmt":"2021-03-12T07:34:39","slug":"carte-de-voeux-derrieres-des-vaches","status":"publish","type":"product","link":"https:\/\/www.steinlin-products.ch\/fr\/produit\/carte-de-voeux-derrieres-des-vaches\/","title":{"rendered":"Carte de voeux \u00abderri\u00e8res des vaches\u00bb"},"content":{"rendered":"","protected":false},"excerpt":{"rendered":"<p>Carte de v\u0153ux \u00abderri\u00e8res des vaches\u00bb, 100% swiss made, 100% hand made, avec d\u00e9coration et Couvert A6<\/p>\n","protected":false},"featured_media":5586,"comment_status":"closed","ping_status":"closed","template":"","meta":[],"product_cat":[194],"product_tag":[238,231],"yoast_head":"<!-- This site is optimized with the Yoast SEO plugin v20.6 - https:\/\/yoast.com\/wordpress\/plugins\/seo\/ -->\n<title>Carte de voeux \u00abderri\u00e8res des vaches\u00bb - Steinlin Products<\/title>\n<meta name=\"robots\" content=\"index, follow, max-snippet:-1, max-image-preview:large, max-video-preview:-1\" \/>\n<link rel=\"canonical\" href=\"https:\/\/www.steinlin-products.ch\/fr\/produit\/carte-de-voeux-derrieres-des-vaches\/\" \/>\n<meta property=\"og:locale\" content=\"fr_FR\" \/>\n<meta property=\"og:type\" content=\"article\" \/>\n<meta property=\"og:title\" content=\"Carte de voeux \u00abderri\u00e8res des vaches\u00bb - Steinlin Products\" \/>\n<meta property=\"og:description\" content=\"Carte de v\u0153ux \u00abderri\u00e8res des vaches\u00bb, 100% swiss made, 100% hand made, avec d\u00e9coration et Couvert A6\" \/>\n<meta property=\"og:url\" content=\"https:\/\/www.steinlin-products.ch\/fr\/produit\/carte-de-voeux-derrieres-des-vaches\/\" \/>\n<meta property=\"og:site_name\" content=\"Steinlin Products\" \/>\n<meta property=\"article:modified_time\" content=\"2021-03-12T07:34:39+00:00\" \/>\n<meta property=\"og:image\" content=\"https:\/\/www.steinlin-products.ch\/wp-content\/uploads\/2018\/05\/Grusskarte_Kuhfuedli.jpg\" \/>\n\t<meta property=\"og:image:width\" content=\"787\" \/>\n\t<meta property=\"og:image:height\" content=\"984\" \/>\n\t<meta property=\"og:image:type\" content=\"image\/jpeg\" \/>\n<meta name=\"twitter:card\" content=\"summary_large_image\" \/>\n<script type=\"application\/ld+json\" class=\"yoast-schema-graph\">{\"@context\":\"https:\/\/schema.org\",\"@graph\":[{\"@type\":\"WebPage\",\"@id\":\"https:\/\/www.steinlin-products.ch\/fr\/produit\/carte-de-voeux-derrieres-des-vaches\/\",\"url\":\"https:\/\/www.steinlin-products.ch\/fr\/produit\/carte-de-voeux-derrieres-des-vaches\/\",\"name\":\"Carte de voeux \u00abderri\u00e8res des vaches\u00bb - Steinlin Products\",\"isPartOf\":{\"@id\":\"https:\/\/www.steinlin-products.ch\/fr\/#website\"},\"datePublished\":\"2018-05-22T11:44:27+00:00\",\"dateModified\":\"2021-03-12T07:34:39+00:00\",\"breadcrumb\":{\"@id\":\"https:\/\/www.steinlin-products.ch\/fr\/produit\/carte-de-voeux-derrieres-des-vaches\/#breadcrumb\"},\"inLanguage\":\"fr-FR\",\"potentialAction\":[{\"@type\":\"ReadAction\",\"target\":[\"https:\/\/www.steinlin-products.ch\/fr\/produit\/carte-de-voeux-derrieres-des-vaches\/\"]}]},{\"@type\":\"BreadcrumbList\",\"@id\":\"https:\/\/www.steinlin-products.ch\/fr\/produit\/carte-de-voeux-derrieres-des-vaches\/#breadcrumb\",\"itemListElement\":[{\"@type\":\"ListItem\",\"position\":1,\"name\":\"Startseite\",\"item\":\"https:\/\/www.steinlin-products.ch\/fr\/\"},{\"@type\":\"ListItem\",\"position\":2,\"name\":\"Boutique\",\"item\":\"https:\/\/www.steinlin-products.ch\/fr\/boutique\/\"},{\"@type\":\"ListItem\",\"position\":3,\"name\":\"Carte de voeux \u00abderri\u00e8res des vaches\u00bb\"}]},{\"@type\":\"WebSite\",\"@id\":\"https:\/\/www.steinlin-products.ch\/fr\/#website\",\"url\":\"https:\/\/www.steinlin-products.ch\/fr\/\",\"name\":\"Steinlin Products\",\"description\":\"Sch\u00f6noriginelles f\u00fcr K\u00fcche und Raum\",\"potentialAction\":[{\"@type\":\"SearchAction\",\"target\":{\"@type\":\"EntryPoint\",\"urlTemplate\":\"https:\/\/www.steinlin-products.ch\/fr\/?s={search_term_string}\"},\"query-input\":\"required name=search_term_string\"}],\"inLanguage\":\"fr-FR\"}]}<\/script>\n<!-- \/ Yoast SEO plugin. -->","yoast_head_json":{"title":"Carte de voeux \u00abderri\u00e8res des vaches\u00bb - Steinlin Products","robots":{"index":"index","follow":"follow","max-snippet":"max-snippet:-1","max-image-preview":"max-image-preview:large","max-video-preview":"max-video-preview:-1"},"canonical":"https:\/\/www.steinlin-products.ch\/fr\/produit\/carte-de-voeux-derrieres-des-vaches\/","og_locale":"fr_FR","og_type":"article","og_title":"Carte de voeux \u00abderri\u00e8res des vaches\u00bb - Steinlin Products","og_description":"Carte de v\u0153ux \u00abderri\u00e8res des vaches\u00bb, 100% swiss made, 100% hand made, avec d\u00e9coration et Couvert A6","og_url":"https:\/\/www.steinlin-products.ch\/fr\/produit\/carte-de-voeux-derrieres-des-vaches\/","og_site_name":"Steinlin Products","article_modified_time":"2021-03-12T07:34:39+00:00","og_image":[{"width":787,"height":984,"url":"https:\/\/www.steinlin-products.ch\/wp-content\/uploads\/2018\/05\/Grusskarte_Kuhfuedli.jpg","type":"image\/jpeg"}],"twitter_card":"summary_large_image","schema":{"@context":"https:\/\/schema.org","@graph":[{"@type":"WebPage","@id":"https:\/\/www.steinlin-products.ch\/fr\/produit\/carte-de-voeux-derrieres-des-vaches\/","url":"https:\/\/www.steinlin-products.ch\/fr\/produit\/carte-de-voeux-derrieres-des-vaches\/","name":"Carte de voeux \u00abderri\u00e8res des vaches\u00bb - Steinlin Products","isPartOf":{"@id":"https:\/\/www.steinlin-products.ch\/fr\/#website"},"datePublished":"2018-05-22T11:44:27+00:00","dateModified":"2021-03-12T07:34:39+00:00","breadcrumb":{"@id":"https:\/\/www.steinlin-products.ch\/fr\/produit\/carte-de-voeux-derrieres-des-vaches\/#breadcrumb"},"inLanguage":"fr-FR","potentialAction":[{"@type":"ReadAction","target":["https:\/\/www.steinlin-products.ch\/fr\/produit\/carte-de-voeux-derrieres-des-vaches\/"]}]},{"@type":"BreadcrumbList","@id":"https:\/\/www.steinlin-products.ch\/fr\/produit\/carte-de-voeux-derrieres-des-vaches\/#breadcrumb","itemListElement":[{"@type":"ListItem","position":1,"name":"Startseite","item":"https:\/\/www.steinlin-products.ch\/fr\/"},{"@type":"ListItem","position":2,"name":"Boutique","item":"https:\/\/www.steinlin-products.ch\/fr\/boutique\/"},{"@type":"ListItem","position":3,"name":"Carte de voeux \u00abderri\u00e8res des vaches\u00bb"}]},{"@type":"WebSite","@id":"https:\/\/www.steinlin-products.ch\/fr\/#website","url":"https:\/\/www.steinlin-products.ch\/fr\/","name":"Steinlin Products","description":"Sch\u00f6noriginelles f\u00fcr K\u00fcche und Raum","potentialAction":[{"@type":"SearchAction","target":{"@type":"EntryPoint","urlTemplate":"https:\/\/www.steinlin-products.ch\/fr\/?s={search_term_string}"},"query-input":"required name=search_term_string"}],"inLanguage":"fr-FR"}]}},"_links":{"self":[{"href":"https:\/\/www.steinlin-products.ch\/fr\/wp-json\/wp\/v2\/product\/5775"}],"collection":[{"href":"https:\/\/www.steinlin-products.ch\/fr\/wp-json\/wp\/v2\/product"}],"about":[{"href":"https:\/\/www.steinlin-products.ch\/fr\/wp-json\/wp\/v2\/types\/product"}],"replies":[{"embeddable":true,"href":"https:\/\/www.steinlin-products.ch\/fr\/wp-json\/wp\/v2\/comments?post=5775"}],"wp:featuredmedia":[{"embeddable":true,"href":"https:\/\/www.steinlin-products.ch\/fr\/wp-json\/wp\/v2\/media\/5586"}],"wp:attachment":[{"href":"https:\/\/www.steinlin-products.ch\/fr\/wp-json\/wp\/v2\/media?parent=5775"}],"wp:term":[{"taxonomy":"product_cat","embeddable":true,"href":"https:\/\/www.steinlin-products.ch\/fr\/wp-json\/wp\/v2\/product_cat?post=5775"},{"taxonomy":"product_tag","embeddable":true,"href":"https:\/\/www.steinlin-products.ch\/fr\/wp-json\/wp\/v2\/product_tag?post=5775"}],"curies":[{"name":"wp","href":"https:\/\/api.w.org\/{rel}","templated":true}]}}