{"id":5831,"date":"2018-05-22T09:33:55","date_gmt":"2021-03-17T12:49:57","guid":{"rendered":"https:\/\/www.steinlin-products.ch\/?post_type=product&#038;p=5831"},"modified":"2021-03-17T13:49:57","modified_gmt":"2021-03-17T12:49:57","slug":"set-de-table-avec-bordure-de-pointe","status":"publish","type":"product","link":"https:\/\/www.steinlin-products.ch\/fr\/produit\/set-de-table-avec-bordure-de-pointe\/","title":{"rendered":"Set de table avec bordure de pointe"},"content":{"rendered":"","protected":false},"excerpt":{"rendered":"<p>Set de table avec bordure de pointe, 55% coton, 45% lin, blanc, 48 x 38 cm<\/p>\n","protected":false},"featured_media":5303,"comment_status":"closed","ping_status":"closed","template":"","meta":[],"product_cat":[199,196],"product_tag":[262],"yoast_head":"<!-- This site is optimized with the Yoast SEO plugin v20.6 - https:\/\/yoast.com\/wordpress\/plugins\/seo\/ -->\n<title>Set de table avec bordure de pointe - Steinlin Products<\/title>\n<meta name=\"robots\" content=\"index, follow, max-snippet:-1, max-image-preview:large, max-video-preview:-1\" \/>\n<link rel=\"canonical\" href=\"https:\/\/www.steinlin-products.ch\/fr\/produit\/set-de-table-avec-bordure-de-pointe\/\" \/>\n<meta property=\"og:locale\" content=\"fr_FR\" \/>\n<meta property=\"og:type\" content=\"article\" \/>\n<meta property=\"og:title\" content=\"Set de table avec bordure de pointe - Steinlin Products\" \/>\n<meta property=\"og:description\" content=\"Set de table avec bordure de pointe, 55% coton, 45% lin, blanc, 48 x 38 cm\" \/>\n<meta property=\"og:url\" content=\"https:\/\/www.steinlin-products.ch\/fr\/produit\/set-de-table-avec-bordure-de-pointe\/\" \/>\n<meta property=\"og:site_name\" content=\"Steinlin Products\" \/>\n<meta property=\"og:image\" content=\"https:\/\/www.steinlin-products.ch\/wp-content\/uploads\/2018\/05\/Tischset-weiss_Neutral.jpg\" \/>\n\t<meta property=\"og:image:width\" content=\"787\" \/>\n\t<meta property=\"og:image:height\" content=\"984\" \/>\n\t<meta property=\"og:image:type\" content=\"image\/jpeg\" \/>\n<meta name=\"twitter:card\" content=\"summary_large_image\" \/>\n<script type=\"application\/ld+json\" class=\"yoast-schema-graph\">{\"@context\":\"https:\/\/schema.org\",\"@graph\":[{\"@type\":\"WebPage\",\"@id\":\"https:\/\/www.steinlin-products.ch\/fr\/produit\/set-de-table-avec-bordure-de-pointe\/\",\"url\":\"https:\/\/www.steinlin-products.ch\/fr\/produit\/set-de-table-avec-bordure-de-pointe\/\",\"name\":\"Set de table avec bordure de pointe - Steinlin Products\",\"isPartOf\":{\"@id\":\"https:\/\/www.steinlin-products.ch\/fr\/#website\"},\"datePublished\":\"2021-03-17T12:49:57+00:00\",\"dateModified\":\"2021-03-17T12:49:57+00:00\",\"breadcrumb\":{\"@id\":\"https:\/\/www.steinlin-products.ch\/fr\/produit\/set-de-table-avec-bordure-de-pointe\/#breadcrumb\"},\"inLanguage\":\"fr-FR\",\"potentialAction\":[{\"@type\":\"ReadAction\",\"target\":[\"https:\/\/www.steinlin-products.ch\/fr\/produit\/set-de-table-avec-bordure-de-pointe\/\"]}]},{\"@type\":\"BreadcrumbList\",\"@id\":\"https:\/\/www.steinlin-products.ch\/fr\/produit\/set-de-table-avec-bordure-de-pointe\/#breadcrumb\",\"itemListElement\":[{\"@type\":\"ListItem\",\"position\":1,\"name\":\"Startseite\",\"item\":\"https:\/\/www.steinlin-products.ch\/fr\/\"},{\"@type\":\"ListItem\",\"position\":2,\"name\":\"Boutique\",\"item\":\"https:\/\/www.steinlin-products.ch\/fr\/boutique\/\"},{\"@type\":\"ListItem\",\"position\":3,\"name\":\"Set de table avec bordure de pointe\"}]},{\"@type\":\"WebSite\",\"@id\":\"https:\/\/www.steinlin-products.ch\/fr\/#website\",\"url\":\"https:\/\/www.steinlin-products.ch\/fr\/\",\"name\":\"Steinlin Products\",\"description\":\"Sch\u00f6noriginelles f\u00fcr K\u00fcche und Raum\",\"potentialAction\":[{\"@type\":\"SearchAction\",\"target\":{\"@type\":\"EntryPoint\",\"urlTemplate\":\"https:\/\/www.steinlin-products.ch\/fr\/?s={search_term_string}\"},\"query-input\":\"required name=search_term_string\"}],\"inLanguage\":\"fr-FR\"}]}<\/script>\n<!-- \/ Yoast SEO plugin. -->","yoast_head_json":{"title":"Set de table avec bordure de pointe - Steinlin Products","robots":{"index":"index","follow":"follow","max-snippet":"max-snippet:-1","max-image-preview":"max-image-preview:large","max-video-preview":"max-video-preview:-1"},"canonical":"https:\/\/www.steinlin-products.ch\/fr\/produit\/set-de-table-avec-bordure-de-pointe\/","og_locale":"fr_FR","og_type":"article","og_title":"Set de table avec bordure de pointe - Steinlin Products","og_description":"Set de table avec bordure de pointe, 55% coton, 45% lin, blanc, 48 x 38 cm","og_url":"https:\/\/www.steinlin-products.ch\/fr\/produit\/set-de-table-avec-bordure-de-pointe\/","og_site_name":"Steinlin Products","og_image":[{"width":787,"height":984,"url":"https:\/\/www.steinlin-products.ch\/wp-content\/uploads\/2018\/05\/Tischset-weiss_Neutral.jpg","type":"image\/jpeg"}],"twitter_card":"summary_large_image","schema":{"@context":"https:\/\/schema.org","@graph":[{"@type":"WebPage","@id":"https:\/\/www.steinlin-products.ch\/fr\/produit\/set-de-table-avec-bordure-de-pointe\/","url":"https:\/\/www.steinlin-products.ch\/fr\/produit\/set-de-table-avec-bordure-de-pointe\/","name":"Set de table avec bordure de pointe - Steinlin Products","isPartOf":{"@id":"https:\/\/www.steinlin-products.ch\/fr\/#website"},"datePublished":"2021-03-17T12:49:57+00:00","dateModified":"2021-03-17T12:49:57+00:00","breadcrumb":{"@id":"https:\/\/www.steinlin-products.ch\/fr\/produit\/set-de-table-avec-bordure-de-pointe\/#breadcrumb"},"inLanguage":"fr-FR","potentialAction":[{"@type":"ReadAction","target":["https:\/\/www.steinlin-products.ch\/fr\/produit\/set-de-table-avec-bordure-de-pointe\/"]}]},{"@type":"BreadcrumbList","@id":"https:\/\/www.steinlin-products.ch\/fr\/produit\/set-de-table-avec-bordure-de-pointe\/#breadcrumb","itemListElement":[{"@type":"ListItem","position":1,"name":"Startseite","item":"https:\/\/www.steinlin-products.ch\/fr\/"},{"@type":"ListItem","position":2,"name":"Boutique","item":"https:\/\/www.steinlin-products.ch\/fr\/boutique\/"},{"@type":"ListItem","position":3,"name":"Set de table avec bordure de pointe"}]},{"@type":"WebSite","@id":"https:\/\/www.steinlin-products.ch\/fr\/#website","url":"https:\/\/www.steinlin-products.ch\/fr\/","name":"Steinlin Products","description":"Sch\u00f6noriginelles f\u00fcr K\u00fcche und Raum","potentialAction":[{"@type":"SearchAction","target":{"@type":"EntryPoint","urlTemplate":"https:\/\/www.steinlin-products.ch\/fr\/?s={search_term_string}"},"query-input":"required name=search_term_string"}],"inLanguage":"fr-FR"}]}},"_links":{"self":[{"href":"https:\/\/www.steinlin-products.ch\/fr\/wp-json\/wp\/v2\/product\/5831"}],"collection":[{"href":"https:\/\/www.steinlin-products.ch\/fr\/wp-json\/wp\/v2\/product"}],"about":[{"href":"https:\/\/www.steinlin-products.ch\/fr\/wp-json\/wp\/v2\/types\/product"}],"replies":[{"embeddable":true,"href":"https:\/\/www.steinlin-products.ch\/fr\/wp-json\/wp\/v2\/comments?post=5831"}],"wp:featuredmedia":[{"embeddable":true,"href":"https:\/\/www.steinlin-products.ch\/fr\/wp-json\/wp\/v2\/media\/5303"}],"wp:attachment":[{"href":"https:\/\/www.steinlin-products.ch\/fr\/wp-json\/wp\/v2\/media?parent=5831"}],"wp:term":[{"taxonomy":"product_cat","embeddable":true,"href":"https:\/\/www.steinlin-products.ch\/fr\/wp-json\/wp\/v2\/product_cat?post=5831"},{"taxonomy":"product_tag","embeddable":true,"href":"https:\/\/www.steinlin-products.ch\/fr\/wp-json\/wp\/v2\/product_tag?post=5831"}],"curies":[{"name":"wp","href":"https:\/\/api.w.org\/{rel}","templated":true}]}}