{"id":5888,"date":"2018-05-16T13:06:35","date_gmt":"2018-05-16T11:06:35","guid":{"rendered":"https:\/\/www.steinlin-products.ch\/product\/bol-a-muesli-alpage\/"},"modified":"2021-03-30T11:23:15","modified_gmt":"2021-03-30T09:23:15","slug":"bol-a-muesli-alpage","status":"publish","type":"product","link":"https:\/\/www.steinlin-products.ch\/fr\/produit\/bol-a-muesli-alpage\/","title":{"rendered":"Bol \u00e0 muesli \u00abAlpage\u00bb"},"content":{"rendered":"","protected":false},"excerpt":{"rendered":"<p>Bol \u00e6 muesli \u00abAlpage\u00bb, porcelaine, <span id=\"[41,43]\" class=\"word\">14<\/span> <span id=\"[44,46]\" class=\"word\">cm<\/span> <span id=\"[47,49]\" class=\"word\">de<\/span> <span id=\"[50,58]\" class=\"word\">diam\u00e8tre<\/span><\/p>\n","protected":false},"featured_media":5629,"comment_status":"closed","ping_status":"closed","template":"","meta":[],"product_cat":[187],"product_tag":[205,249,245],"yoast_head":"<!-- This site is optimized with the Yoast SEO plugin v20.6 - https:\/\/yoast.com\/wordpress\/plugins\/seo\/ -->\n<title>Bol \u00e0 muesli \u00abAlpage\u00bb - Steinlin Products<\/title>\n<meta name=\"robots\" content=\"index, follow, max-snippet:-1, max-image-preview:large, max-video-preview:-1\" \/>\n<link rel=\"canonical\" href=\"https:\/\/www.steinlin-products.ch\/fr\/produit\/bol-a-muesli-alpage\/\" \/>\n<meta property=\"og:locale\" content=\"fr_FR\" \/>\n<meta property=\"og:type\" content=\"article\" \/>\n<meta property=\"og:title\" content=\"Bol \u00e0 muesli \u00abAlpage\u00bb - Steinlin Products\" \/>\n<meta property=\"og:description\" content=\"Bol \u00e6 muesli \u00abAlpage\u00bb, porcelaine, 14 cm de diam\u00e8tre\" \/>\n<meta property=\"og:url\" content=\"https:\/\/www.steinlin-products.ch\/fr\/produit\/bol-a-muesli-alpage\/\" \/>\n<meta property=\"og:site_name\" content=\"Steinlin Products\" \/>\n<meta property=\"article:modified_time\" content=\"2021-03-30T09:23:15+00:00\" \/>\n<meta property=\"og:image\" content=\"https:\/\/www.steinlin-products.ch\/wp-content\/uploads\/2018\/05\/MueeslischaleAA.jpg\" \/>\n\t<meta property=\"og:image:width\" content=\"787\" \/>\n\t<meta property=\"og:image:height\" content=\"984\" \/>\n\t<meta property=\"og:image:type\" content=\"image\/jpeg\" \/>\n<meta name=\"twitter:card\" content=\"summary_large_image\" \/>\n<script type=\"application\/ld+json\" class=\"yoast-schema-graph\">{\"@context\":\"https:\/\/schema.org\",\"@graph\":[{\"@type\":\"WebPage\",\"@id\":\"https:\/\/www.steinlin-products.ch\/fr\/produit\/bol-a-muesli-alpage\/\",\"url\":\"https:\/\/www.steinlin-products.ch\/fr\/produit\/bol-a-muesli-alpage\/\",\"name\":\"Bol \u00e0 muesli \u00abAlpage\u00bb - Steinlin Products\",\"isPartOf\":{\"@id\":\"https:\/\/www.steinlin-products.ch\/fr\/#website\"},\"datePublished\":\"2018-05-16T11:06:35+00:00\",\"dateModified\":\"2021-03-30T09:23:15+00:00\",\"breadcrumb\":{\"@id\":\"https:\/\/www.steinlin-products.ch\/fr\/produit\/bol-a-muesli-alpage\/#breadcrumb\"},\"inLanguage\":\"fr-FR\",\"potentialAction\":[{\"@type\":\"ReadAction\",\"target\":[\"https:\/\/www.steinlin-products.ch\/fr\/produit\/bol-a-muesli-alpage\/\"]}]},{\"@type\":\"BreadcrumbList\",\"@id\":\"https:\/\/www.steinlin-products.ch\/fr\/produit\/bol-a-muesli-alpage\/#breadcrumb\",\"itemListElement\":[{\"@type\":\"ListItem\",\"position\":1,\"name\":\"Startseite\",\"item\":\"https:\/\/www.steinlin-products.ch\/fr\/\"},{\"@type\":\"ListItem\",\"position\":2,\"name\":\"Boutique\",\"item\":\"https:\/\/www.steinlin-products.ch\/fr\/boutique\/\"},{\"@type\":\"ListItem\",\"position\":3,\"name\":\"Bol \u00e0 muesli \u00abAlpage\u00bb\"}]},{\"@type\":\"WebSite\",\"@id\":\"https:\/\/www.steinlin-products.ch\/fr\/#website\",\"url\":\"https:\/\/www.steinlin-products.ch\/fr\/\",\"name\":\"Steinlin Products\",\"description\":\"Sch\u00f6noriginelles f\u00fcr K\u00fcche und Raum\",\"potentialAction\":[{\"@type\":\"SearchAction\",\"target\":{\"@type\":\"EntryPoint\",\"urlTemplate\":\"https:\/\/www.steinlin-products.ch\/fr\/?s={search_term_string}\"},\"query-input\":\"required name=search_term_string\"}],\"inLanguage\":\"fr-FR\"}]}<\/script>\n<!-- \/ Yoast SEO plugin. -->","yoast_head_json":{"title":"Bol \u00e0 muesli \u00abAlpage\u00bb - Steinlin Products","robots":{"index":"index","follow":"follow","max-snippet":"max-snippet:-1","max-image-preview":"max-image-preview:large","max-video-preview":"max-video-preview:-1"},"canonical":"https:\/\/www.steinlin-products.ch\/fr\/produit\/bol-a-muesli-alpage\/","og_locale":"fr_FR","og_type":"article","og_title":"Bol \u00e0 muesli \u00abAlpage\u00bb - Steinlin Products","og_description":"Bol \u00e6 muesli \u00abAlpage\u00bb, porcelaine, 14 cm de diam\u00e8tre","og_url":"https:\/\/www.steinlin-products.ch\/fr\/produit\/bol-a-muesli-alpage\/","og_site_name":"Steinlin Products","article_modified_time":"2021-03-30T09:23:15+00:00","og_image":[{"width":787,"height":984,"url":"https:\/\/www.steinlin-products.ch\/wp-content\/uploads\/2018\/05\/MueeslischaleAA.jpg","type":"image\/jpeg"}],"twitter_card":"summary_large_image","schema":{"@context":"https:\/\/schema.org","@graph":[{"@type":"WebPage","@id":"https:\/\/www.steinlin-products.ch\/fr\/produit\/bol-a-muesli-alpage\/","url":"https:\/\/www.steinlin-products.ch\/fr\/produit\/bol-a-muesli-alpage\/","name":"Bol \u00e0 muesli \u00abAlpage\u00bb - Steinlin Products","isPartOf":{"@id":"https:\/\/www.steinlin-products.ch\/fr\/#website"},"datePublished":"2018-05-16T11:06:35+00:00","dateModified":"2021-03-30T09:23:15+00:00","breadcrumb":{"@id":"https:\/\/www.steinlin-products.ch\/fr\/produit\/bol-a-muesli-alpage\/#breadcrumb"},"inLanguage":"fr-FR","potentialAction":[{"@type":"ReadAction","target":["https:\/\/www.steinlin-products.ch\/fr\/produit\/bol-a-muesli-alpage\/"]}]},{"@type":"BreadcrumbList","@id":"https:\/\/www.steinlin-products.ch\/fr\/produit\/bol-a-muesli-alpage\/#breadcrumb","itemListElement":[{"@type":"ListItem","position":1,"name":"Startseite","item":"https:\/\/www.steinlin-products.ch\/fr\/"},{"@type":"ListItem","position":2,"name":"Boutique","item":"https:\/\/www.steinlin-products.ch\/fr\/boutique\/"},{"@type":"ListItem","position":3,"name":"Bol \u00e0 muesli \u00abAlpage\u00bb"}]},{"@type":"WebSite","@id":"https:\/\/www.steinlin-products.ch\/fr\/#website","url":"https:\/\/www.steinlin-products.ch\/fr\/","name":"Steinlin Products","description":"Sch\u00f6noriginelles f\u00fcr K\u00fcche und Raum","potentialAction":[{"@type":"SearchAction","target":{"@type":"EntryPoint","urlTemplate":"https:\/\/www.steinlin-products.ch\/fr\/?s={search_term_string}"},"query-input":"required name=search_term_string"}],"inLanguage":"fr-FR"}]}},"_links":{"self":[{"href":"https:\/\/www.steinlin-products.ch\/fr\/wp-json\/wp\/v2\/product\/5888"}],"collection":[{"href":"https:\/\/www.steinlin-products.ch\/fr\/wp-json\/wp\/v2\/product"}],"about":[{"href":"https:\/\/www.steinlin-products.ch\/fr\/wp-json\/wp\/v2\/types\/product"}],"replies":[{"embeddable":true,"href":"https:\/\/www.steinlin-products.ch\/fr\/wp-json\/wp\/v2\/comments?post=5888"}],"wp:featuredmedia":[{"embeddable":true,"href":"https:\/\/www.steinlin-products.ch\/fr\/wp-json\/wp\/v2\/media\/5629"}],"wp:attachment":[{"href":"https:\/\/www.steinlin-products.ch\/fr\/wp-json\/wp\/v2\/media?parent=5888"}],"wp:term":[{"taxonomy":"product_cat","embeddable":true,"href":"https:\/\/www.steinlin-products.ch\/fr\/wp-json\/wp\/v2\/product_cat?post=5888"},{"taxonomy":"product_tag","embeddable":true,"href":"https:\/\/www.steinlin-products.ch\/fr\/wp-json\/wp\/v2\/product_tag?post=5888"}],"curies":[{"name":"wp","href":"https:\/\/api.w.org\/{rel}","templated":true}]}}