{"id":5959,"date":"2021-06-15T15:59:05","date_gmt":"2021-06-15T13:59:05","guid":{"rendered":"https:\/\/www.steinlin-products.ch\/?post_type=product&#038;p=5959"},"modified":"2025-11-09T08:41:31","modified_gmt":"2025-11-09T07:41:31","slug":"kissen-steinbock-bestickt-rueckseite-blaettchen-design","status":"publish","type":"product","link":"https:\/\/www.steinlin-products.ch\/fr\/produit\/kissen-steinbock-bestickt-rueckseite-blaettchen-design\/","title":{"rendered":"Kissen \u00abSTEINBOCK\u00bb bestickt, R\u00fcckseite Bl\u00e4ttchen-Design"},"content":{"rendered":"","protected":false},"excerpt":{"rendered":"<div class=\"product-short-description\">\n<div class=\"product-short-description\">\n<div class=\"product-short-description\">\n<div class=\"product-short-description\">\n<div class=\"product-short-description\">\n<div class=\"product-short-description\">\n<div class=\"product-short-description\">\n<div class=\"product-short-description\">\n<div class=\"product-short-description\">\n<div class=\"product-short-description\">\n<div class=\"product-short-description\">\n<div class=\"product-short-description\">\n<div class=\"nm-product-summary-inner-col col-lg-12 col-xs-6\">\n<div class=\"nm-product-summary-title\">\n<div>\n<div class=\"product-short-description\">\n<div class=\"nm-product-summary-inner-col col-lg-12 col-xs-6\">\n<div class=\"nm-product-summary-title\">\n<div>\n<div class=\"product-short-description\">\n<div class=\"nm-product-summary-inner-col col-lg-12 col-xs-6\">\n<div class=\"nm-product-summary-title\">\n<div>\n<div class=\"product-short-description\">\n<div class=\"nm-product-summary-inner-col col-lg-12 col-xs-6\">\n<div class=\"nm-product-summary-title\">\n<div>\n<div class=\"product-short-description\">\n<div class=\"nm-product-summary-inner-col col-lg-12 col-xs-6\">\n<div class=\"nm-product-summary-title\">\n<div>\n<div class=\"product-short-description\">\n<div class=\"nm-product-summary-inner-col col-lg-12 col-xs-6\">\n<div class=\"nm-product-summary-title\">\n<div>\n<div class=\"product-short-description\">\n<div class=\"nm-product-summary-inner-col col-lg-12 col-xs-6\">\n<div class=\"nm-product-summary-title\">\n<div>\n<div class=\"product-short-description\">\n<div class=\"nm-product-summary-inner-col col-lg-12 col-xs-6\">\n<div class=\"nm-product-summary-title\">\n<div>\n<div class=\"product-short-description\">\n<div class=\"nm-product-summary-inner-col col-lg-12 col-xs-6\">\n<div class=\"nm-product-summary-title\">\n<div>\n<div class=\"product-short-description\">\n<div class=\"nm-product-summary-inner-col col-lg-12 col-xs-6\">\n<div class=\"nm-product-summary-title\">\n<div>\n<div class=\"product-short-description\">\n<div class=\"nm-product-summary-inner-col col-lg-12 col-xs-6\">\n<div class=\"nm-product-summary-title\">\n<div>\n<div class=\"product-short-description\">\n<div class=\"nm-product-summary-inner-col col-lg-12 col-xs-6\">\n<div class=\"nm-product-summary-title\">\n<div>\n<div class=\"product-short-description\">\n<div class=\"nm-product-summary-inner-col col-lg-12 col-xs-6\">\n<div class=\"nm-product-summary-title\">\n<div>\n<div class=\"product-short-description\">\n<div class=\"nm-product-summary-inner-col col-lg-12 col-xs-6\">\n<div class=\"nm-product-summary-title\">\n<div>\n<div class=\"product-short-description\">\n<div class=\"nm-product-summary-inner-col col-lg-12 col-xs-6\">\n<div class=\"nm-product-summary-title\">\n<div>\n<div class=\"product-short-description\">\n<div class=\"nm-product-summary-inner-col col-lg-12 col-xs-6\">\n<div class=\"nm-product-summary-title\">\n<div>\n<div class=\"product-short-description\">\n<div class=\"nm-product-summary-inner-col col-lg-12 col-xs-6\">\n<div class=\"nm-product-summary-title\">\n<div>\n<div class=\"product-short-description\">\n<div class=\"nm-product-summary-inner-col col-lg-12 col-xs-6\">\n<div class=\"nm-product-summary-title\">\n<div>\n<div class=\"product-short-description\">\n<div class=\"nm-product-summary-inner-col col-lg-12 col-xs-6\">\n<div class=\"nm-product-summary-title\">\n<div>\n<div class=\"product-short-description\">\n<div class=\"nm-product-summary-inner-col col-lg-12 col-xs-6\">\n<div class=\"nm-product-summary-title\">\n<div>\n<div class=\"product-short-description\">\n<div class=\"nm-product-summary-inner-col col-lg-12 col-xs-6\">\n<div class=\"nm-product-summary-title\">\n<div>\n<div class=\"product-short-description\">\n<div class=\"nm-product-summary-inner-col col-lg-12 col-xs-6\">\n<div class=\"nm-product-summary-title\">\n<div>\n<div class=\"product-short-description\">\n<div class=\"nm-product-summary-inner-col col-lg-12 col-xs-6\">\n<div class=\"nm-product-summary-title\">\n<div>\n<div class=\"product-short-description\">\n<div class=\"nm-product-summary-inner-col col-lg-12 col-xs-6\">\n<div class=\"nm-product-summary-title\">\n<div>\n<div class=\"product-short-description\">\n<div class=\"nm-product-summary-inner-col col-lg-12 col-xs-6\">\n<div class=\"nm-product-summary-title\">\n<div>\n<div class=\"product-short-description\">\n<div class=\"nm-product-summary-inner-col col-lg-12 col-xs-6\">\n<div class=\"nm-product-summary-title\">\n<div>\n<div class=\"product-short-description\">\n<div class=\"nm-product-summary-inner-col col-lg-12 col-xs-6\">\n<div class=\"nm-product-summary-title\">\n<div>\n<div class=\"product-short-description\">\n<div class=\"nm-product-summary-inner-col col-lg-12 col-xs-6\">\n<div class=\"nm-product-summary-title\">\n<div>\n<div class=\"product-short-description\">\n<div class=\"nm-product-summary-inner-col col-lg-12 col-xs-6\">\n<div class=\"nm-product-summary-title\">\n<div>\n<div class=\"product-short-description\">\n<div class=\"nm-product-summary-inner-col col-lg-12 col-xs-6\">\n<div class=\"nm-product-summary-title\">\n<div>\n<div class=\"product-short-description\">\n<div class=\"nm-product-summary-inner-col col-lg-12 col-xs-6\">\n<div class=\"nm-product-summary-title\">\n<div>\n<div class=\"product-short-description\">\n<div class=\"nm-product-summary-inner-col col-lg-12 col-xs-6\">\n<div class=\"nm-product-summary-title\">\n<div>\n<div class=\"product-short-description\">\n<div class=\"nm-product-summary-inner-col col-lg-12 col-xs-6\">\n<div class=\"nm-product-summary-title\">\n<div>\n<div class=\"product-short-description\">\n<div class=\"nm-product-summary-inner-col col-lg-12 col-xs-6\">\n<div class=\"nm-product-summary-title\">\n<div>\n<div class=\"product-short-description\">\n<div class=\"nm-product-summary-inner-col col-lg-12 col-xs-6\">\n<div class=\"nm-product-summary-title\">\n<div>\n<div class=\"product-short-description\">\n<div class=\"nm-product-summary-inner-col col-lg-12 col-xs-6\">\n<div class=\"nm-product-summary-title\">\n<div>\n<div class=\"product-short-description\">\n<div class=\"nm-product-summary-inner-col col-lg-12 col-xs-6\">\n<div class=\"nm-product-summary-title\">\n<div>\n<div class=\"product-short-description\">\n<div class=\"nm-product-summary-inner-col col-lg-12 col-xs-6\">\n<div class=\"nm-product-summary-title\">\n<div>\n<div class=\"product-short-description\">\n<div class=\"nm-product-summary-inner-col col-lg-12 col-xs-6\">\n<div class=\"nm-product-summary-title\">\n<div>\n<div class=\"product-short-description\">\n<div class=\"nm-product-summary-inner-col col-lg-12 col-xs-6\">\n<div class=\"nm-product-summary-title\">\n<div>\n<div class=\"product-short-description\">\n<div class=\"nm-product-summary-inner-col col-lg-12 col-xs-6\">\n<div class=\"nm-product-summary-title\">\n<div>\n<div class=\"product-short-description\">\n<div class=\"nm-product-summary-inner-col col-lg-12 col-xs-6\">\n<div class=\"nm-product-summary-title\">\n<div>\n<div class=\"product-short-description\">\n<div class=\"nm-product-summary-inner-col col-lg-12 col-xs-6\">\n<div class=\"nm-product-summary-title\">\n<div>\n<div class=\"product-short-description\">\n<div class=\"nm-product-summary-inner-col col-lg-12 col-xs-6\">\n<div class=\"nm-product-summary-title\">\n<div>\n<div class=\"product-short-description\">\n<div class=\"nm-product-summary-inner-col col-lg-12 col-xs-6\">\n<div class=\"nm-product-summary-title\">\n<div>\n<div class=\"product-short-description\">\n<div class=\"nm-product-summary-inner-col col-lg-12 col-xs-6\">\n<div class=\"nm-product-summary-title\">\n<div>\n<div class=\"product-short-description\">\n<div class=\"nm-product-summary-inner-col col-lg-12 col-xs-6\">\n<div class=\"nm-product-summary-title\">\n<div>\n<div class=\"product-short-description\">Kissen \u00abSTEINBOCK\u00bb, Baumwolle, Viscose, Polyester, beige\/grau, 40 x 40 cm, Reissverschluss-\u00d6ffnung, inkl. F\u00fcllung<\/div>\n<\/div>\n<\/div>\n<\/div>\n<\/div>\n<\/div>\n<\/div>\n<\/div>\n<\/div>\n<\/div>\n<\/div>\n<\/div>\n<\/div>\n<\/div>\n<\/div>\n<\/div>\n<\/div>\n<\/div>\n<\/div>\n<\/div>\n<\/div>\n<\/div>\n<\/div>\n<\/div>\n<\/div>\n<\/div>\n<\/div>\n<\/div>\n<\/div>\n<\/div>\n<\/div>\n<\/div>\n<\/div>\n<\/div>\n<\/div>\n<\/div>\n<\/div>\n<\/div>\n<\/div>\n<\/div>\n<\/div>\n<\/div>\n<\/div>\n<\/div>\n<\/div>\n<\/div>\n<\/div>\n<\/div>\n<\/div>\n<\/div>\n<\/div>\n<\/div>\n<\/div>\n<\/div>\n<\/div>\n<\/div>\n<\/div>\n<\/div>\n<\/div>\n<\/div>\n<\/div>\n<\/div>\n<\/div>\n<\/div>\n<\/div>\n<\/div>\n<\/div>\n<\/div>\n<\/div>\n<\/div>\n<\/div>\n<\/div>\n<\/div>\n<\/div>\n<\/div>\n<\/div>\n<\/div>\n<\/div>\n<\/div>\n<\/div>\n<\/div>\n<\/div>\n<\/div>\n<\/div>\n<\/div>\n<\/div>\n<\/div>\n<\/div>\n<\/div>\n<\/div>\n<\/div>\n<\/div>\n<\/div>\n<\/div>\n<\/div>\n<\/div>\n<\/div>\n<\/div>\n<\/div>\n<\/div>\n<\/div>\n<\/div>\n<\/div>\n<\/div>\n<\/div>\n<\/div>\n<\/div>\n<\/div>\n<\/div>\n<\/div>\n<\/div>\n<\/div>\n<\/div>\n<\/div>\n<\/div>\n<\/div>\n<\/div>\n<\/div>\n<\/div>\n<\/div>\n<\/div>\n<\/div>\n<\/div>\n<\/div>\n<\/div>\n<\/div>\n<\/div>\n<\/div>\n<\/div>\n<\/div>\n<\/div>\n<\/div>\n<\/div>\n<\/div>\n<\/div>\n<\/div>\n<\/div>\n<\/div>\n<\/div>\n<\/div>\n<\/div>\n<\/div>\n<\/div>\n<\/div>\n<\/div>\n<\/div>\n<\/div>\n<\/div>\n<\/div>\n<\/div>\n<\/div>\n<\/div>\n<\/div>\n<\/div>\n<\/div>\n<\/div>\n<\/div>\n<\/div>\n<\/div>\n<\/div>\n<\/div>\n<\/div>\n<\/div>\n<\/div>\n<\/div>\n<\/div>\n<\/div>\n<\/div>\n<\/div>\n<\/div>\n<\/div>\n<\/div>\n<\/div>\n<\/div>\n<\/div>\n<\/div>\n<\/div>\n<\/div>\n<\/div>\n<\/div>\n<\/div>\n<\/div>\n<\/div>\n<\/div>\n<\/div>\n<\/div>\n<\/div>\n<\/div>\n<\/div>\n<\/div>\n<\/div>\n<\/div>\n<\/div>\n<\/div>\n<\/div>\n<\/div>\n<\/div>\n<\/div>\n<\/div>\n<\/div>\n","protected":false},"featured_media":6048,"comment_status":"closed","ping_status":"closed","template":"","meta":[],"product_cat":[134,170],"product_tag":[138],"yoast_head":"<!-- This site is optimized with the Yoast SEO plugin v20.6 - https:\/\/yoast.com\/wordpress\/plugins\/seo\/ -->\n<title>Kissen \u00abSTEINBOCK\u00bb bestickt, R\u00fcckseite Bl\u00e4ttchen-Design - Steinlin Products<\/title>\n<meta name=\"robots\" content=\"index, follow, max-snippet:-1, max-image-preview:large, max-video-preview:-1\" \/>\n<link rel=\"canonical\" href=\"https:\/\/www.steinlin-products.ch\/fr\/produit\/kissen-steinbock-bestickt-rueckseite-blaettchen-design\/\" \/>\n<meta property=\"og:locale\" content=\"fr_FR\" \/>\n<meta property=\"og:type\" content=\"article\" \/>\n<meta property=\"og:title\" content=\"Kissen \u00abSTEINBOCK\u00bb bestickt, R\u00fcckseite Bl\u00e4ttchen-Design - Steinlin Products\" \/>\n<meta property=\"og:description\" content=\"Kissen \u00abSTEINBOCK\u00bb, Baumwolle, Viscose, Polyester, beige\/grau, 40 x 40 cm, Reissverschluss-\u00d6ffnung, inkl. F\u00fcllung\" \/>\n<meta property=\"og:url\" content=\"https:\/\/www.steinlin-products.ch\/fr\/produit\/kissen-steinbock-bestickt-rueckseite-blaettchen-design\/\" \/>\n<meta property=\"og:site_name\" content=\"Steinlin Products\" \/>\n<meta property=\"article:modified_time\" content=\"2025-11-09T07:41:31+00:00\" \/>\n<meta property=\"og:image\" content=\"https:\/\/www.steinlin-products.ch\/wp-content\/uploads\/2021\/06\/kissen_steinbock1.jpg\" \/>\n\t<meta property=\"og:image:width\" content=\"787\" \/>\n\t<meta property=\"og:image:height\" content=\"984\" \/>\n\t<meta property=\"og:image:type\" content=\"image\/jpeg\" \/>\n<meta name=\"twitter:card\" content=\"summary_large_image\" \/>\n<script type=\"application\/ld+json\" class=\"yoast-schema-graph\">{\"@context\":\"https:\/\/schema.org\",\"@graph\":[{\"@type\":\"WebPage\",\"@id\":\"https:\/\/www.steinlin-products.ch\/fr\/produit\/kissen-steinbock-bestickt-rueckseite-blaettchen-design\/\",\"url\":\"https:\/\/www.steinlin-products.ch\/fr\/produit\/kissen-steinbock-bestickt-rueckseite-blaettchen-design\/\",\"name\":\"Kissen \u00abSTEINBOCK\u00bb bestickt, R\u00fcckseite Bl\u00e4ttchen-Design - Steinlin Products\",\"isPartOf\":{\"@id\":\"https:\/\/www.steinlin-products.ch\/fr\/#website\"},\"datePublished\":\"2021-06-15T13:59:05+00:00\",\"dateModified\":\"2025-11-09T07:41:31+00:00\",\"breadcrumb\":{\"@id\":\"https:\/\/www.steinlin-products.ch\/fr\/produit\/kissen-steinbock-bestickt-rueckseite-blaettchen-design\/#breadcrumb\"},\"inLanguage\":\"fr-FR\",\"potentialAction\":[{\"@type\":\"ReadAction\",\"target\":[\"https:\/\/www.steinlin-products.ch\/fr\/produit\/kissen-steinbock-bestickt-rueckseite-blaettchen-design\/\"]}]},{\"@type\":\"BreadcrumbList\",\"@id\":\"https:\/\/www.steinlin-products.ch\/fr\/produit\/kissen-steinbock-bestickt-rueckseite-blaettchen-design\/#breadcrumb\",\"itemListElement\":[{\"@type\":\"ListItem\",\"position\":1,\"name\":\"Startseite\",\"item\":\"https:\/\/www.steinlin-products.ch\/fr\/\"},{\"@type\":\"ListItem\",\"position\":2,\"name\":\"Boutique\",\"item\":\"https:\/\/www.steinlin-products.ch\/fr\/boutique\/\"},{\"@type\":\"ListItem\",\"position\":3,\"name\":\"Kissen \u00abSTEINBOCK\u00bb bestickt, R\u00fcckseite Bl\u00e4ttchen-Design\"}]},{\"@type\":\"WebSite\",\"@id\":\"https:\/\/www.steinlin-products.ch\/fr\/#website\",\"url\":\"https:\/\/www.steinlin-products.ch\/fr\/\",\"name\":\"Steinlin Products\",\"description\":\"Sch\u00f6noriginelles f\u00fcr K\u00fcche und Raum\",\"potentialAction\":[{\"@type\":\"SearchAction\",\"target\":{\"@type\":\"EntryPoint\",\"urlTemplate\":\"https:\/\/www.steinlin-products.ch\/fr\/?s={search_term_string}\"},\"query-input\":\"required name=search_term_string\"}],\"inLanguage\":\"fr-FR\"}]}<\/script>\n<!-- \/ Yoast SEO plugin. -->","yoast_head_json":{"title":"Kissen \u00abSTEINBOCK\u00bb bestickt, R\u00fcckseite Bl\u00e4ttchen-Design - Steinlin Products","robots":{"index":"index","follow":"follow","max-snippet":"max-snippet:-1","max-image-preview":"max-image-preview:large","max-video-preview":"max-video-preview:-1"},"canonical":"https:\/\/www.steinlin-products.ch\/fr\/produit\/kissen-steinbock-bestickt-rueckseite-blaettchen-design\/","og_locale":"fr_FR","og_type":"article","og_title":"Kissen \u00abSTEINBOCK\u00bb bestickt, R\u00fcckseite Bl\u00e4ttchen-Design - Steinlin Products","og_description":"Kissen \u00abSTEINBOCK\u00bb, Baumwolle, Viscose, Polyester, beige\/grau, 40 x 40 cm, Reissverschluss-\u00d6ffnung, inkl. F\u00fcllung","og_url":"https:\/\/www.steinlin-products.ch\/fr\/produit\/kissen-steinbock-bestickt-rueckseite-blaettchen-design\/","og_site_name":"Steinlin Products","article_modified_time":"2025-11-09T07:41:31+00:00","og_image":[{"width":787,"height":984,"url":"https:\/\/www.steinlin-products.ch\/wp-content\/uploads\/2021\/06\/kissen_steinbock1.jpg","type":"image\/jpeg"}],"twitter_card":"summary_large_image","schema":{"@context":"https:\/\/schema.org","@graph":[{"@type":"WebPage","@id":"https:\/\/www.steinlin-products.ch\/fr\/produit\/kissen-steinbock-bestickt-rueckseite-blaettchen-design\/","url":"https:\/\/www.steinlin-products.ch\/fr\/produit\/kissen-steinbock-bestickt-rueckseite-blaettchen-design\/","name":"Kissen \u00abSTEINBOCK\u00bb bestickt, R\u00fcckseite Bl\u00e4ttchen-Design - Steinlin Products","isPartOf":{"@id":"https:\/\/www.steinlin-products.ch\/fr\/#website"},"datePublished":"2021-06-15T13:59:05+00:00","dateModified":"2025-11-09T07:41:31+00:00","breadcrumb":{"@id":"https:\/\/www.steinlin-products.ch\/fr\/produit\/kissen-steinbock-bestickt-rueckseite-blaettchen-design\/#breadcrumb"},"inLanguage":"fr-FR","potentialAction":[{"@type":"ReadAction","target":["https:\/\/www.steinlin-products.ch\/fr\/produit\/kissen-steinbock-bestickt-rueckseite-blaettchen-design\/"]}]},{"@type":"BreadcrumbList","@id":"https:\/\/www.steinlin-products.ch\/fr\/produit\/kissen-steinbock-bestickt-rueckseite-blaettchen-design\/#breadcrumb","itemListElement":[{"@type":"ListItem","position":1,"name":"Startseite","item":"https:\/\/www.steinlin-products.ch\/fr\/"},{"@type":"ListItem","position":2,"name":"Boutique","item":"https:\/\/www.steinlin-products.ch\/fr\/boutique\/"},{"@type":"ListItem","position":3,"name":"Kissen \u00abSTEINBOCK\u00bb bestickt, R\u00fcckseite Bl\u00e4ttchen-Design"}]},{"@type":"WebSite","@id":"https:\/\/www.steinlin-products.ch\/fr\/#website","url":"https:\/\/www.steinlin-products.ch\/fr\/","name":"Steinlin Products","description":"Sch\u00f6noriginelles f\u00fcr K\u00fcche und Raum","potentialAction":[{"@type":"SearchAction","target":{"@type":"EntryPoint","urlTemplate":"https:\/\/www.steinlin-products.ch\/fr\/?s={search_term_string}"},"query-input":"required name=search_term_string"}],"inLanguage":"fr-FR"}]}},"_links":{"self":[{"href":"https:\/\/www.steinlin-products.ch\/fr\/wp-json\/wp\/v2\/product\/5959"}],"collection":[{"href":"https:\/\/www.steinlin-products.ch\/fr\/wp-json\/wp\/v2\/product"}],"about":[{"href":"https:\/\/www.steinlin-products.ch\/fr\/wp-json\/wp\/v2\/types\/product"}],"replies":[{"embeddable":true,"href":"https:\/\/www.steinlin-products.ch\/fr\/wp-json\/wp\/v2\/comments?post=5959"}],"wp:featuredmedia":[{"embeddable":true,"href":"https:\/\/www.steinlin-products.ch\/fr\/wp-json\/wp\/v2\/media\/6048"}],"wp:attachment":[{"href":"https:\/\/www.steinlin-products.ch\/fr\/wp-json\/wp\/v2\/media?parent=5959"}],"wp:term":[{"taxonomy":"product_cat","embeddable":true,"href":"https:\/\/www.steinlin-products.ch\/fr\/wp-json\/wp\/v2\/product_cat?post=5959"},{"taxonomy":"product_tag","embeddable":true,"href":"https:\/\/www.steinlin-products.ch\/fr\/wp-json\/wp\/v2\/product_tag?post=5959"}],"curies":[{"name":"wp","href":"https:\/\/api.w.org\/{rel}","templated":true}]}}