{"id":8450,"date":"2024-02-17T09:05:07","date_gmt":"2024-02-17T08:05:07","guid":{"rendered":"https:\/\/www.steinlin-products.ch\/?post_type=product&#038;p=8450"},"modified":"2024-02-19T15:40:25","modified_gmt":"2024-02-19T14:40:25","slug":"set-de-table-cerf-kopie","status":"publish","type":"product","link":"https:\/\/www.steinlin-products.ch\/fr\/produit\/set-de-table-cerf-kopie\/","title":{"rendered":"Sous-verres \u00abBouquetin\u00bb Contour"},"content":{"rendered":"","protected":false},"excerpt":{"rendered":"<p>Sous-vettes \u00abBouquetin\u00bb Contour anthracite, motif d\u00e9li\u00e9, lot de 4 pi\u00e8ces, feutre polyester<\/p>\n","protected":false},"featured_media":8452,"comment_status":"closed","ping_status":"closed","template":"","meta":[],"product_cat":[188,199,195,196],"product_tag":[218,262],"yoast_head":"<!-- This site is optimized with the Yoast SEO plugin v20.6 - https:\/\/yoast.com\/wordpress\/plugins\/seo\/ -->\n<title>Sous-verres \u00abBouquetin\u00bb Contour - Steinlin Products<\/title>\n<meta name=\"robots\" content=\"index, follow, max-snippet:-1, max-image-preview:large, max-video-preview:-1\" \/>\n<link rel=\"canonical\" href=\"https:\/\/www.steinlin-products.ch\/fr\/produit\/set-de-table-cerf-kopie\/\" \/>\n<meta property=\"og:locale\" content=\"fr_FR\" \/>\n<meta property=\"og:type\" content=\"article\" \/>\n<meta property=\"og:title\" content=\"Sous-verres \u00abBouquetin\u00bb Contour - Steinlin Products\" \/>\n<meta property=\"og:description\" content=\"Sous-vettes \u00abBouquetin\u00bb Contour anthracite, motif d\u00e9li\u00e9, lot de 4 pi\u00e8ces, feutre polyester\" \/>\n<meta property=\"og:url\" content=\"https:\/\/www.steinlin-products.ch\/fr\/produit\/set-de-table-cerf-kopie\/\" \/>\n<meta property=\"og:site_name\" content=\"Steinlin Products\" \/>\n<meta property=\"article:modified_time\" content=\"2024-02-19T14:40:25+00:00\" \/>\n<meta property=\"og:image\" content=\"https:\/\/www.steinlin-products.ch\/wp-content\/uploads\/2024\/02\/Untrtersetzer-SB-Kontur.jpg\" \/>\n\t<meta property=\"og:image:width\" content=\"787\" \/>\n\t<meta property=\"og:image:height\" content=\"984\" \/>\n\t<meta property=\"og:image:type\" content=\"image\/jpeg\" \/>\n<meta name=\"twitter:card\" content=\"summary_large_image\" \/>\n<script type=\"application\/ld+json\" class=\"yoast-schema-graph\">{\"@context\":\"https:\/\/schema.org\",\"@graph\":[{\"@type\":\"WebPage\",\"@id\":\"https:\/\/www.steinlin-products.ch\/fr\/produit\/set-de-table-cerf-kopie\/\",\"url\":\"https:\/\/www.steinlin-products.ch\/fr\/produit\/set-de-table-cerf-kopie\/\",\"name\":\"Sous-verres \u00abBouquetin\u00bb Contour - Steinlin Products\",\"isPartOf\":{\"@id\":\"https:\/\/www.steinlin-products.ch\/fr\/#website\"},\"datePublished\":\"2024-02-17T08:05:07+00:00\",\"dateModified\":\"2024-02-19T14:40:25+00:00\",\"breadcrumb\":{\"@id\":\"https:\/\/www.steinlin-products.ch\/fr\/produit\/set-de-table-cerf-kopie\/#breadcrumb\"},\"inLanguage\":\"fr-FR\",\"potentialAction\":[{\"@type\":\"ReadAction\",\"target\":[\"https:\/\/www.steinlin-products.ch\/fr\/produit\/set-de-table-cerf-kopie\/\"]}]},{\"@type\":\"BreadcrumbList\",\"@id\":\"https:\/\/www.steinlin-products.ch\/fr\/produit\/set-de-table-cerf-kopie\/#breadcrumb\",\"itemListElement\":[{\"@type\":\"ListItem\",\"position\":1,\"name\":\"Startseite\",\"item\":\"https:\/\/www.steinlin-products.ch\/fr\/\"},{\"@type\":\"ListItem\",\"position\":2,\"name\":\"Boutique\",\"item\":\"https:\/\/www.steinlin-products.ch\/fr\/boutique\/\"},{\"@type\":\"ListItem\",\"position\":3,\"name\":\"Sous-verres \u00abBouquetin\u00bb Contour\"}]},{\"@type\":\"WebSite\",\"@id\":\"https:\/\/www.steinlin-products.ch\/fr\/#website\",\"url\":\"https:\/\/www.steinlin-products.ch\/fr\/\",\"name\":\"Steinlin Products\",\"description\":\"Sch\u00f6noriginelles f\u00fcr K\u00fcche und Raum\",\"potentialAction\":[{\"@type\":\"SearchAction\",\"target\":{\"@type\":\"EntryPoint\",\"urlTemplate\":\"https:\/\/www.steinlin-products.ch\/fr\/?s={search_term_string}\"},\"query-input\":\"required name=search_term_string\"}],\"inLanguage\":\"fr-FR\"}]}<\/script>\n<!-- \/ Yoast SEO plugin. -->","yoast_head_json":{"title":"Sous-verres \u00abBouquetin\u00bb Contour - Steinlin Products","robots":{"index":"index","follow":"follow","max-snippet":"max-snippet:-1","max-image-preview":"max-image-preview:large","max-video-preview":"max-video-preview:-1"},"canonical":"https:\/\/www.steinlin-products.ch\/fr\/produit\/set-de-table-cerf-kopie\/","og_locale":"fr_FR","og_type":"article","og_title":"Sous-verres \u00abBouquetin\u00bb Contour - Steinlin Products","og_description":"Sous-vettes \u00abBouquetin\u00bb Contour anthracite, motif d\u00e9li\u00e9, lot de 4 pi\u00e8ces, feutre polyester","og_url":"https:\/\/www.steinlin-products.ch\/fr\/produit\/set-de-table-cerf-kopie\/","og_site_name":"Steinlin Products","article_modified_time":"2024-02-19T14:40:25+00:00","og_image":[{"width":787,"height":984,"url":"https:\/\/www.steinlin-products.ch\/wp-content\/uploads\/2024\/02\/Untrtersetzer-SB-Kontur.jpg","type":"image\/jpeg"}],"twitter_card":"summary_large_image","schema":{"@context":"https:\/\/schema.org","@graph":[{"@type":"WebPage","@id":"https:\/\/www.steinlin-products.ch\/fr\/produit\/set-de-table-cerf-kopie\/","url":"https:\/\/www.steinlin-products.ch\/fr\/produit\/set-de-table-cerf-kopie\/","name":"Sous-verres \u00abBouquetin\u00bb Contour - Steinlin Products","isPartOf":{"@id":"https:\/\/www.steinlin-products.ch\/fr\/#website"},"datePublished":"2024-02-17T08:05:07+00:00","dateModified":"2024-02-19T14:40:25+00:00","breadcrumb":{"@id":"https:\/\/www.steinlin-products.ch\/fr\/produit\/set-de-table-cerf-kopie\/#breadcrumb"},"inLanguage":"fr-FR","potentialAction":[{"@type":"ReadAction","target":["https:\/\/www.steinlin-products.ch\/fr\/produit\/set-de-table-cerf-kopie\/"]}]},{"@type":"BreadcrumbList","@id":"https:\/\/www.steinlin-products.ch\/fr\/produit\/set-de-table-cerf-kopie\/#breadcrumb","itemListElement":[{"@type":"ListItem","position":1,"name":"Startseite","item":"https:\/\/www.steinlin-products.ch\/fr\/"},{"@type":"ListItem","position":2,"name":"Boutique","item":"https:\/\/www.steinlin-products.ch\/fr\/boutique\/"},{"@type":"ListItem","position":3,"name":"Sous-verres \u00abBouquetin\u00bb Contour"}]},{"@type":"WebSite","@id":"https:\/\/www.steinlin-products.ch\/fr\/#website","url":"https:\/\/www.steinlin-products.ch\/fr\/","name":"Steinlin Products","description":"Sch\u00f6noriginelles f\u00fcr K\u00fcche und Raum","potentialAction":[{"@type":"SearchAction","target":{"@type":"EntryPoint","urlTemplate":"https:\/\/www.steinlin-products.ch\/fr\/?s={search_term_string}"},"query-input":"required name=search_term_string"}],"inLanguage":"fr-FR"}]}},"_links":{"self":[{"href":"https:\/\/www.steinlin-products.ch\/fr\/wp-json\/wp\/v2\/product\/8450"}],"collection":[{"href":"https:\/\/www.steinlin-products.ch\/fr\/wp-json\/wp\/v2\/product"}],"about":[{"href":"https:\/\/www.steinlin-products.ch\/fr\/wp-json\/wp\/v2\/types\/product"}],"replies":[{"embeddable":true,"href":"https:\/\/www.steinlin-products.ch\/fr\/wp-json\/wp\/v2\/comments?post=8450"}],"wp:featuredmedia":[{"embeddable":true,"href":"https:\/\/www.steinlin-products.ch\/fr\/wp-json\/wp\/v2\/media\/8452"}],"wp:attachment":[{"href":"https:\/\/www.steinlin-products.ch\/fr\/wp-json\/wp\/v2\/media?parent=8450"}],"wp:term":[{"taxonomy":"product_cat","embeddable":true,"href":"https:\/\/www.steinlin-products.ch\/fr\/wp-json\/wp\/v2\/product_cat?post=8450"},{"taxonomy":"product_tag","embeddable":true,"href":"https:\/\/www.steinlin-products.ch\/fr\/wp-json\/wp\/v2\/product_tag?post=8450"}],"curies":[{"name":"wp","href":"https:\/\/api.w.org\/{rel}","templated":true}]}}